{"id":1253,"date":"2021-09-30T18:02:54","date_gmt":"2021-09-30T16:02:54","guid":{"rendered":"https:\/\/www.marinaprojectzadar.com\/lokacija\/"},"modified":"2022-09-29T16:03:01","modified_gmt":"2022-09-29T14:03:01","slug":"die-lage","status":"publish","type":"page","link":"https:\/\/www.marinaprojectzadar.com\/de\/die-lage\/","title":{"rendered":"Die Lage"},"content":{"rendered":"<div id='full_slider_1'  class='avia-fullwidth-slider main_color avia-shadow   avia-builder-el-0  el_before_av_layout_row  avia-builder-el-first   container_wrap sidebar_right' style=' '  ><div   data-size='no scaling'  data-lightbox_size='large'  data-animation='slide'  data-conditional_play=''  data-ids='224'  data-video_counter='0'  data-autoplay='false'  data-bg_slider='false'  data-slide_height=''  data-handle='av_slideshow_full'  data-interval='5'  data-class=' '  data-el_id=''  data-css_id=''  data-scroll_down=''  data-control_layout='av-control-hidden'  data-custom_markup=''  data-perma_caption=''  data-autoplay_stopper=''  data-image_attachment=''  data-min_height='0px'  data-lazy_loading='disabled'  data-src=''  data-position='top left'  data-repeat='no-repeat'  data-attach='scroll'  data-stretch=''  class='avia-slideshow avia-slideshow-1  av-control-hidden av-default-height-applied avia-slideshow-no scaling av_slideshow_full   avia-slide-slider '  itemprop=\"image\" itemscope=\"itemscope\" itemtype=\"https:\/\/schema.org\/ImageObject\" ><ul class='avia-slideshow-inner ' style='padding-bottom: 33.591967138293%;' ><li  class=' av-single-slide slide-1 ' ><div data-rel='slideshow-1' class='avia-slide-wrap '   ><img decoding=\"async\" class=\"wp-image-1254 avia-img-lazy-loading-not-1254\"  src=\"https:\/\/www.marinaprojectzadar.com\/wp-content\/uploads\/2021\/09\/Lokacija2.jpg\" width=\"2191\" height=\"736\" title='Lokacija2' alt=''  itemprop=\"thumbnailUrl\" srcset=\"https:\/\/www.marinaprojectzadar.com\/wp-content\/uploads\/2021\/09\/Lokacija2.jpg 2191w, https:\/\/www.marinaprojectzadar.com\/wp-content\/uploads\/2021\/09\/Lokacija2-300x101.jpg 300w, https:\/\/www.marinaprojectzadar.com\/wp-content\/uploads\/2021\/09\/Lokacija2-1024x344.jpg 1024w, https:\/\/www.marinaprojectzadar.com\/wp-content\/uploads\/2021\/09\/Lokacija2-768x258.jpg 768w, https:\/\/www.marinaprojectzadar.com\/wp-content\/uploads\/2021\/09\/Lokacija2-1536x516.jpg 1536w, https:\/\/www.marinaprojectzadar.com\/wp-content\/uploads\/2021\/09\/Lokacija2-2048x688.jpg 2048w, https:\/\/www.marinaprojectzadar.com\/wp-content\/uploads\/2021\/09\/Lokacija2-1500x504.jpg 1500w, https:\/\/www.marinaprojectzadar.com\/wp-content\/uploads\/2021\/09\/Lokacija2-705x237.jpg 705w\" sizes=\"(max-width: 2191px) 100vw, 2191px\" \/><\/div><\/li><\/ul><\/div><\/div>\n<div id='av-layout-grid-1'  class='av-layout-grid-container entry-content-wrapper main_color av-flex-cells     avia-builder-el-1  el_after_av_slideshow_full  avia-builder-el-last  submenu-not-first container_wrap sidebar_right' style=' '  >\n<div class=\"flex_cell no_margin av_one_half  avia-builder-el-2  el_before_av_cell_one_half  avia-builder-el-first   \" ><div class='flex_cell_inner' ><section class=\"av_textblock_section \"  itemscope=\"itemscope\" itemtype=\"https:\/\/schema.org\/CreativeWork\" ><div class='avia_textblock  '   itemprop=\"text\" ><blockquote>\n<p>DIE LAGE<\/p>\n<\/blockquote>\n<p>Der Standort des Projekts befindet sich im elit\u00e4ren, westlichen Teil der Stadt Zadar, gegen\u00fcber der Marina Borik, in der ruhigen Viertel Vitrenjak II und der unmitterbarer N\u00e4he des Strandes Uskok (Vitrenjak).<\/p>\n<p>Das Projekt ist etwa 200m vom Strand und 250m von der ersten Einkaufsm\u00f6glichkeiten entfernt. In der N\u00e4he befindet sich auch die bekannte Feriensiedlung Falkensteiner Borik mit einem sch\u00f6n eingerichteten Sandstrand.<\/p>\n<p>Der Standort ist wegen der N\u00e4he des Stadtzentrums (3,6 km) und der guten Verbindung zum Stadtzentrum und anderen Stadtteilen besonders attraktiv.<\/p>\n<p>Durch einige Bars und Restaurants in der N\u00e4he des Projekts wird das Angebot \u00a0f\u00fcr ein angenehmes Leben zus\u00e4tzlich erg\u00e4nzt.<\/p>\n<\/div><\/section>\n<\/div><\/div><div class=\"flex_cell no_margin av_one_half  avia-builder-el-4  el_after_av_cell_one_half  avia-builder-el-last   \"  style='vertical-align:top; padding:5px 0 0 0 ; ' ><div class='flex_cell_inner' ><div   data-size='gallery'  data-lightbox_size='large'  data-animation='slide'  data-conditional_play=''  data-ids='216'  data-video_counter='0'  data-autoplay='false'  data-bg_slider='false'  data-slide_height=''  data-handle='av_slideshow'  data-interval='5'  data-class=' avia-builder-el-5  avia-builder-el-no-sibling  '  data-el_id=''  data-css_id=''  data-scroll_down=''  data-control_layout='av-control-hidden'  data-custom_markup=''  data-perma_caption=''  data-autoplay_stopper=''  data-image_attachment=''  data-min_height='0px'  data-lazy_loading='disabled'  data-default-height='80.94674556213'  class='avia-slideshow avia-slideshow-2  av-control-hidden av-default-height-applied avia-slideshow-gallery av_slideshow  avia-builder-el-5  avia-builder-el-no-sibling   avia-slide-slider '  itemprop=\"image\" itemscope=\"itemscope\" itemtype=\"https:\/\/schema.org\/ImageObject\" ><ul class='avia-slideshow-inner ' style='padding-bottom: 80.94674556213%;' ><li  class=' av-single-slide slide-1 ' ><div data-rel='slideshow-2' class='avia-slide-wrap '   ><img decoding=\"async\" class=\"wp-image-1344 avia-img-lazy-loading-not-1344\"  src=\"https:\/\/www.marinaprojectzadar.com\/wp-content\/uploads\/2021\/09\/Copy-of-mont_DJI_0282-845x684.jpg\" width=\"845\" height=\"684\" title='Copy of mont_DJI_0282' alt=''  itemprop=\"thumbnailUrl\" srcset=\"https:\/\/www.marinaprojectzadar.com\/wp-content\/uploads\/2021\/09\/Copy-of-mont_DJI_0282-845x684.jpg 845w, https:\/\/www.marinaprojectzadar.com\/wp-content\/uploads\/2021\/09\/Copy-of-mont_DJI_0282-495x400.jpg 495w\" sizes=\"(max-width: 845px) 100vw, 845px\" \/><\/div><\/li><\/ul><\/div>\n<\/div><\/div><\/div>\n","protected":false},"excerpt":{"rendered":"","protected":false},"author":1,"featured_media":0,"parent":0,"menu_order":0,"comment_status":"closed","ping_status":"open","template":"","meta":{"footnotes":""},"yoast_head":"<!-- This site is optimized with the Yoast SEO plugin v20.8 - https:\/\/yoast.com\/wordpress\/plugins\/seo\/ -->\n<title>Die Lage - Marina Project Zadar<\/title>\n<meta name=\"robots\" content=\"index, follow, max-snippet:-1, max-image-preview:large, max-video-preview:-1\" \/>\n<link rel=\"canonical\" href=\"https:\/\/www.marinaprojectzadar.com\/de\/die-lage\/\" \/>\n<meta property=\"og:locale\" content=\"de_DE\" \/>\n<meta property=\"og:type\" content=\"article\" \/>\n<meta property=\"og:title\" content=\"Die Lage - Marina Project Zadar\" \/>\n<meta property=\"og:url\" content=\"https:\/\/www.marinaprojectzadar.com\/de\/die-lage\/\" \/>\n<meta property=\"og:site_name\" content=\"Marina Project Zadar\" \/>\n<meta property=\"article:modified_time\" content=\"2022-09-29T14:03:01+00:00\" \/>\n<meta name=\"twitter:card\" content=\"summary_large_image\" \/>\n<meta name=\"twitter:label1\" content=\"Gesch\u00e4tzte Lesezeit\" \/>\n\t<meta name=\"twitter:data1\" content=\"3 Minuten\" \/>\n<script type=\"application\/ld+json\" class=\"yoast-schema-graph\">{\"@context\":\"https:\/\/schema.org\",\"@graph\":[{\"@type\":\"WebPage\",\"@id\":\"https:\/\/www.marinaprojectzadar.com\/de\/die-lage\/\",\"url\":\"https:\/\/www.marinaprojectzadar.com\/de\/die-lage\/\",\"name\":\"Die Lage - Marina Project Zadar\",\"isPartOf\":{\"@id\":\"https:\/\/www.marinaprojectzadar.com\/#website\"},\"datePublished\":\"2021-09-30T16:02:54+00:00\",\"dateModified\":\"2022-09-29T14:03:01+00:00\",\"breadcrumb\":{\"@id\":\"https:\/\/www.marinaprojectzadar.com\/de\/die-lage\/#breadcrumb\"},\"inLanguage\":\"de-DE\",\"potentialAction\":[{\"@type\":\"ReadAction\",\"target\":[\"https:\/\/www.marinaprojectzadar.com\/de\/die-lage\/\"]}]},{\"@type\":\"BreadcrumbList\",\"@id\":\"https:\/\/www.marinaprojectzadar.com\/de\/die-lage\/#breadcrumb\",\"itemListElement\":[{\"@type\":\"ListItem\",\"position\":1,\"name\":\"Home\",\"item\":\"https:\/\/www.marinaprojectzadar.com\/de\/naselje\/\"},{\"@type\":\"ListItem\",\"position\":2,\"name\":\"Die Lage\"}]},{\"@type\":\"WebSite\",\"@id\":\"https:\/\/www.marinaprojectzadar.com\/#website\",\"url\":\"https:\/\/www.marinaprojectzadar.com\/\",\"name\":\"Marina Project Zadar\",\"description\":\"Marina Project Zadar\",\"potentialAction\":[{\"@type\":\"SearchAction\",\"target\":{\"@type\":\"EntryPoint\",\"urlTemplate\":\"https:\/\/www.marinaprojectzadar.com\/?s={search_term_string}\"},\"query-input\":\"required name=search_term_string\"}],\"inLanguage\":\"de-DE\"}]}<\/script>\n<!-- \/ Yoast SEO plugin. -->","yoast_head_json":{"title":"Die Lage - Marina Project Zadar","robots":{"index":"index","follow":"follow","max-snippet":"max-snippet:-1","max-image-preview":"max-image-preview:large","max-video-preview":"max-video-preview:-1"},"canonical":"https:\/\/www.marinaprojectzadar.com\/de\/die-lage\/","og_locale":"de_DE","og_type":"article","og_title":"Die Lage - Marina Project Zadar","og_url":"https:\/\/www.marinaprojectzadar.com\/de\/die-lage\/","og_site_name":"Marina Project Zadar","article_modified_time":"2022-09-29T14:03:01+00:00","twitter_card":"summary_large_image","twitter_misc":{"Gesch\u00e4tzte Lesezeit":"3 Minuten"},"schema":{"@context":"https:\/\/schema.org","@graph":[{"@type":"WebPage","@id":"https:\/\/www.marinaprojectzadar.com\/de\/die-lage\/","url":"https:\/\/www.marinaprojectzadar.com\/de\/die-lage\/","name":"Die Lage - Marina Project Zadar","isPartOf":{"@id":"https:\/\/www.marinaprojectzadar.com\/#website"},"datePublished":"2021-09-30T16:02:54+00:00","dateModified":"2022-09-29T14:03:01+00:00","breadcrumb":{"@id":"https:\/\/www.marinaprojectzadar.com\/de\/die-lage\/#breadcrumb"},"inLanguage":"de-DE","potentialAction":[{"@type":"ReadAction","target":["https:\/\/www.marinaprojectzadar.com\/de\/die-lage\/"]}]},{"@type":"BreadcrumbList","@id":"https:\/\/www.marinaprojectzadar.com\/de\/die-lage\/#breadcrumb","itemListElement":[{"@type":"ListItem","position":1,"name":"Home","item":"https:\/\/www.marinaprojectzadar.com\/de\/naselje\/"},{"@type":"ListItem","position":2,"name":"Die Lage"}]},{"@type":"WebSite","@id":"https:\/\/www.marinaprojectzadar.com\/#website","url":"https:\/\/www.marinaprojectzadar.com\/","name":"Marina Project Zadar","description":"Marina Project Zadar","potentialAction":[{"@type":"SearchAction","target":{"@type":"EntryPoint","urlTemplate":"https:\/\/www.marinaprojectzadar.com\/?s={search_term_string}"},"query-input":"required name=search_term_string"}],"inLanguage":"de-DE"}]}},"_links":{"self":[{"href":"https:\/\/www.marinaprojectzadar.com\/de\/wp-json\/wp\/v2\/pages\/1253"}],"collection":[{"href":"https:\/\/www.marinaprojectzadar.com\/de\/wp-json\/wp\/v2\/pages"}],"about":[{"href":"https:\/\/www.marinaprojectzadar.com\/de\/wp-json\/wp\/v2\/types\/page"}],"author":[{"embeddable":true,"href":"https:\/\/www.marinaprojectzadar.com\/de\/wp-json\/wp\/v2\/users\/1"}],"replies":[{"embeddable":true,"href":"https:\/\/www.marinaprojectzadar.com\/de\/wp-json\/wp\/v2\/comments?post=1253"}],"version-history":[{"count":2,"href":"https:\/\/www.marinaprojectzadar.com\/de\/wp-json\/wp\/v2\/pages\/1253\/revisions"}],"predecessor-version":[{"id":1262,"href":"https:\/\/www.marinaprojectzadar.com\/de\/wp-json\/wp\/v2\/pages\/1253\/revisions\/1262"}],"wp:attachment":[{"href":"https:\/\/www.marinaprojectzadar.com\/de\/wp-json\/wp\/v2\/media?parent=1253"}],"curies":[{"name":"wp","href":"https:\/\/api.w.org\/{rel}","templated":true}]}}